{"id":579,"date":"2025-05-02T20:21:49","date_gmt":"2025-05-02T20:21:49","guid":{"rendered":"http:\/\/lmejubn.cluster100.hosting.ovh.net\/?page_id=579"},"modified":"2025-05-02T20:21:49","modified_gmt":"2025-05-02T20:21:49","slug":"rodo","status":"publish","type":"page","link":"https:\/\/salus-reh.pl\/index.php\/rodo\/","title":{"rendered":"RODO"},"content":{"rendered":"\n<div class=\"section-wrapper\" data-id=\"eBzTsy\"><section class=\"wp-block-gutenverse-section guten-element guten-section guten-eBzTsy layout-boxed align-stretch\"><div class=\"guten-container guten-column-gap-no\">\n<div class=\"wp-block-gutenverse-column guten-element guten-column guten-8Xy4fr\"><div class=\"guten-column-wrapper\" data-id=\"8Xy4fr\">\n<div class=\"wp-block-gutenverse-image guten-element guten-image guten-wMOwNB\"><a class=\"guten-image-wrapper\" href=\"http:\/\/salus-reh.pl\/\"><img loading=\"lazy\" decoding=\"async\" class=\"gutenverse-image-box-filled\" src=\"http:\/\/salus-reh.pl\/wp-content\/uploads\/2025\/03\/salus-reh-logo_popr.webp\" height=\"138\" width=\"394\"\/><\/a><\/div>\n<\/div><\/div>\n\n\n\n<div class=\"wp-block-gutenverse-column guten-element guten-column guten-Qj4g6G\"><div class=\"guten-column-wrapper\" data-id=\"Qj4g6G\"><div id=\"guten-Cv6QAe\" class=\"guten-element guten-nav-menu nav-menu break-point-tablet submenu-click-title \" data-item-indicator=\"gtn gtn-down-arrow1-light\" data-close-on-click=\"1\">\n\t\t\t<div class=\"gutenverse-hamburger-wrapper\">\n\t\t\t\t<button class=\"gutenverse-hamburger-menu\">\n\t\t\t\t\t<i aria-hidden=\"true\" class=\"gtn gtn-bars-solid\"><\/i>\n\t\t\t\t<\/button>\n\t\t\t<\/div>\n\t\t\t\n\t\t\t<div class=\"gutenverse-menu-wrapper\"><div class=\"gutenverse-menu-container\"><ul id=\"menu-purina-1\" class=\"gutenverse-menu\"><li id=\"menu-item-95\" class=\"menu-item menu-item-type-custom menu-item-object-custom menu-item-home menu-item-95\"><a href=\"javascript:void(0);\" data-href=\"http:\/\/salus-reh.pl\/\">Home<\/a><\/li>\n<li id=\"menu-item-100\" class=\"menu-item menu-item-type-custom menu-item-object-custom menu-item-has-children menu-item-100\"><a href=\"javascript:void(0);\" data-href=\"#\">Fizjoterapia<\/a>\n<ul class=\"sub-menu\">\n\t<li id=\"menu-item-499\" class=\"menu-item menu-item-type-custom menu-item-object-custom menu-item-has-children menu-item-499\"><a href=\"javascript:void(0);\" data-href=\"#\">Terapia Manualna<\/a>\n\t<ul class=\"sub-menu\">\n\t\t<li id=\"menu-item-501\" class=\"menu-item menu-item-type-post_type menu-item-object-page menu-item-501\"><a href=\"javascript:void(0);\" data-href=\"https:\/\/salus-reh.pl\/index.php\/terapia-manualna\/\">Terapia Manualna Muligana<\/a><\/li>\n\t\t<li id=\"menu-item-500\" class=\"menu-item menu-item-type-post_type menu-item-object-page menu-item-500\"><a href=\"javascript:void(0);\" data-href=\"https:\/\/salus-reh.pl\/index.php\/terapia-manualna-cyriaxa\/\">Terapia Manualna Cyriaxa<\/a><\/li>\n\t\t<li id=\"menu-item-172\" class=\"menu-item menu-item-type-post_type menu-item-object-page menu-item-172\"><a href=\"javascript:void(0);\" data-href=\"https:\/\/salus-reh.pl\/index.php\/kinetic-control\/\">Kinetic Control<\/a><\/li>\n\t<\/ul>\n<\/li>\n\t<li id=\"menu-item-361\" class=\"menu-item menu-item-type-post_type menu-item-object-page menu-item-361\"><a href=\"javascript:void(0);\" data-href=\"https:\/\/salus-reh.pl\/index.php\/manipulacja-powiezi\/\">Manipulacja powi\u0119zi FM<\/a><\/li>\n\t<li id=\"menu-item-173\" class=\"menu-item menu-item-type-post_type menu-item-object-page menu-item-173\"><a href=\"javascript:void(0);\" data-href=\"https:\/\/salus-reh.pl\/index.php\/terapia-powieziowa\/\">Terapia Powi\u0119ziowa FDM<\/a><\/li>\n\t<li id=\"menu-item-360\" class=\"menu-item menu-item-type-post_type menu-item-object-page menu-item-360\"><a href=\"javascript:void(0);\" data-href=\"https:\/\/salus-reh.pl\/index.php\/fala-uderzeniowa\/\">Fala uderzeniowa<\/a><\/li>\n\t<li id=\"menu-item-171\" class=\"menu-item menu-item-type-post_type menu-item-object-page menu-item-171\"><a href=\"javascript:void(0);\" data-href=\"https:\/\/salus-reh.pl\/index.php\/kinesiology-taping\/\">Kinesiology Taping<\/a><\/li>\n<\/ul>\n<\/li>\n<li id=\"menu-item-97\" class=\"menu-item menu-item-type-custom menu-item-object-custom menu-item-has-children menu-item-97\"><a href=\"javascript:void(0);\" data-href=\"#\">Masa\u017ce<\/a>\n<ul class=\"sub-menu\">\n\t<li id=\"menu-item-526\" class=\"menu-item menu-item-type-post_type menu-item-object-page menu-item-526\"><a href=\"javascript:void(0);\" data-href=\"https:\/\/salus-reh.pl\/index.php\/drenaz-limfatyczny\/\">Drena\u017c Limfatyczny<\/a><\/li>\n\t<li id=\"menu-item-207\" class=\"menu-item menu-item-type-post_type menu-item-object-page menu-item-207\"><a href=\"javascript:void(0);\" data-href=\"https:\/\/salus-reh.pl\/index.php\/masaz-klasyczny\/\">Masa\u017c klasyczny<\/a><\/li>\n\t<li id=\"menu-item-206\" class=\"menu-item menu-item-type-post_type menu-item-object-page menu-item-206\"><a href=\"javascript:void(0);\" data-href=\"https:\/\/salus-reh.pl\/index.php\/masaz-relaksacyjny\/\">Masa\u017c relaksacyjny<\/a><\/li>\n\t<li id=\"menu-item-205\" class=\"menu-item menu-item-type-post_type menu-item-object-page menu-item-205\"><a href=\"javascript:void(0);\" data-href=\"https:\/\/salus-reh.pl\/index.php\/masaz-swieca\/\">Masa\u017c \u015bwiec\u0105<\/a><\/li>\n\t<li id=\"menu-item-204\" class=\"menu-item menu-item-type-post_type menu-item-object-page menu-item-204\"><a href=\"javascript:void(0);\" data-href=\"https:\/\/salus-reh.pl\/index.php\/masaz-banka-chinska\/\">Masa\u017c ba\u0144k\u0105 chi\u0144sk\u0105<\/a><\/li>\n\t<li id=\"menu-item-202\" class=\"menu-item menu-item-type-post_type menu-item-object-page menu-item-202\"><a href=\"javascript:void(0);\" data-href=\"https:\/\/salus-reh.pl\/index.php\/masaz-sportowy\/\">Masa\u017c sportowy<\/a><\/li>\n<\/ul>\n<\/li>\n<li id=\"menu-item-101\" class=\"menu-item menu-item-type-custom menu-item-object-custom menu-item-101\"><a href=\"javascript:void(0);\" data-href=\"http:\/\/salus-reh.pl\/index.php\/our-team\/\">Zesp\u00f3\u0142<\/a><\/li>\n<li id=\"menu-item-96\" class=\"menu-item menu-item-type-custom menu-item-object-custom menu-item-96\"><a href=\"javascript:void(0);\" data-href=\"http:\/\/salus-reh.pl\/index.php\/pricing-list\/\">Cennik<\/a><\/li>\n<li id=\"menu-item-108\" class=\"menu-item menu-item-type-custom menu-item-object-custom menu-item-108\"><a href=\"javascript:void(0);\" data-href=\"http:\/\/salus-reh.pl\/index.php\/contact\/\">Kontakt<\/a><\/li>\n<\/ul><\/div>\n\t\t\t\t<div>\n\t\t\t\t\t<div class=\"gutenverse-nav-identity-panel\">\n\t\t\t\t\t\t<div class=\"gutenverse-nav-site-title\">\n\t\t\t\t\t\t\t<a href=\"https:\/\/salus-reh.pl\" class=\"gutenverse-nav-logo\"><img decoding=\"async\" src=\"http:\/\/salus-reh.pl\/wp-content\/uploads\/2025\/03\/salus-reh-logo.webp\" alt=\"Salus-Reh - Gabinet Masa\u017cu i Rehabilitacji Salus-Reh w D\u0105browie G\u00f3rniczej\"><\/a>\n\t\t\t\t\t\t<\/div>\n\t\t\t\t\t\t<button class=\"gutenverse-close-menu\"><i aria-hidden=\"true\" class=\"gtn gtn-times-solid\"><\/i><\/button>\n\t\t\t\t\t<\/div>\n\t\t\t\t<\/div>\n\t\t\t<\/div>\n\t\t<\/div><\/div><\/div>\n\n\n\n<div class=\"wp-block-gutenverse-column guten-element guten-column guten-zI5gv6 hide-tablet hide-mobile\"><div class=\"guten-column-wrapper\" data-id=\"zI5gv6\">\n<div class=\"guten-element guten-social-icons guten-tAFyNI circle horizontal fill\">\n<div class=\"guten-element guten-social-icon guten-5BuOR5 facebook\"><a id=\"guten-5BuOR5\" href=\"https:\/\/www.facebook.com\/rehabilitacjadg\" target=\"_blank\" rel=\"noreferrer noopener\"><i class=\"gtn gtn-facebook-f\"><\/i><\/a><\/div>\n\n\n\n<div class=\"guten-element guten-social-icon guten-e1TNs5 instagram\"><a id=\"guten-e1TNs5\" href=\"https:\/\/www.instagram.com\/explore\/locations\/1401038066859759\/masaz-i-rehabilitacja-salus-reh\/\" target=\"_blank\" rel=\"noreferrer noopener\"><i class=\"gtn gtn-instagram-1-light\"><\/i><\/a><\/div>\n<\/div>\n<\/div><\/div>\n<\/div><\/section><\/div>\n\n\n\n<div class=\"section-wrapper\" data-id=\"ELD24Q\"><section class=\"wp-block-gutenverse-section guten-element guten-section guten-ELD24Q layout-boxed align-stretch\"><div class=\"guten-background-overlay\"><\/div><div class=\"guten-container guten-column-gap-no\">\n<div class=\"wp-block-gutenverse-column guten-element guten-column guten-a0cMAE\"><div class=\"guten-column-wrapper\" data-id=\"a0cMAE\">\n<h1 class=\"wp-block-gutenverse-heading guten-element guten-V6HBtt\">Obowi\u0105zek Informacyjny<\/h1>\n<\/div><\/div>\n<\/div><\/section><\/div>\n\n\n\n<div class=\"section-wrapper\" data-id=\"YaEfDs\"><section class=\"wp-block-gutenverse-section guten-element guten-section guten-YaEfDs layout-boxed align-stretch\"><div class=\"guten-container guten-column-gap-no\">\n<div class=\"wp-block-gutenverse-column guten-element guten-column guten-vi9Gwb\"><div class=\"guten-column-wrapper\" data-id=\"vi9Gwb\">\n<h2 class=\"wp-block-gutenverse-heading guten-element guten-7ajFUv animated guten-element-hide desktop-fadeInUp\">KLAUZULA OBOWI\u0104ZKU INFORMACYJNEGO<\/h2>\n\n\n\n<div class=\"guten-element gutenverse-text-editor guten-O2vQ8W animated guten-element-hide desktop-fadeInUp\"><div class=\"text-content-inner\">\n<p>Administratorem Twoich danych osobowych jest MASA\u017b\u00a0I\u00a0REHABILITACJA\u00a0SALUS &#8211; REH\u00a0WERONIKA DUTKIEWICZ z siedzib\u0105 w D\u0105browie G\u00f3rniczej (41-300) przy<br>ul. 1 Maja 38 B. Poni\u017cej znajdziesz wszelkie niezb\u0119dne informacje dotycz\u0105ce przetwarzania Twoich danych osobowych w zwi\u0105zku z realizacj\u0105 us\u0142ug (podstawa z art. 9 ust. 2 lit. h RODO).<\/p>\n<\/div><\/div>\n<\/div><\/div>\n<\/div><\/section><\/div>\n\n\n\n<div class=\"section-wrapper\" data-id=\"uL8Il1\"><section class=\"wp-block-gutenverse-section guten-element guten-section guten-uL8Il1 layout-boxed align-stretch\"><div class=\"guten-container guten-column-gap-no\">\n<div class=\"wp-block-gutenverse-column guten-element guten-column guten-5Juoo6\"><div class=\"guten-column-wrapper\" data-id=\"5Juoo6\">\n<ol class=\"wp-block-list\">\n<li>Dane osobowe przetwarzane s\u0105 w celu \u015bwiadczenia us\u0142ug fizjoterapeutycznych na podstawie art. 9 ust. 2 lit. h RODO.<\/li>\n\n\n\n<li>B\u0119dziemy przetwarza\u0107 nast\u0119puj\u0105ce Twoje dane: imi\u0119, nazwisko, nr PESEL, adres zamieszkania, numer telefonu, adres mailowy, dane dotycz\u0105ce stanu zdrowia oraz rekonwalescencji.<\/li>\n\n\n\n<li>Dane osobowe b\u0119d\u0105 przechowywane do ko\u0144ca okresu przedawnienia potencjalnych roszcze\u0144 z umowy, jednak nie kr\u00f3cej ni\u017c 10 lat.<\/li>\n\n\n\n<li>Po zako\u0144czeniu przetwarzania danych osobowych w pierwotnym celu, dane b\u0119d\u0105 przetwarzane w celach archiwalnych (dowodowych) dla zabezpieczenia informacji na wypadek prawnej potrzeby wykazania fakt\u00f3w, w celu ewentualnego ustalenia, dochodzenia lub obrony przed roszczeniami co jest naszym prawnie uzasadnionym interesem oraz w celu oferowania Ci bezpo\u015brednio produkt\u00f3w i us\u0142ug naszej firmy (podstawa z art. 6 ust. 1 lit. f RODO).<\/li>\n\n\n\n<li>Twoje dane osobowe mog\u0105 by\u0107 przekazywane odbiorcom \u015bwiadcz\u0105cym na nasz\u0105 rzecz us\u0142ugi ksi\u0119gowe, prawnicze oraz informatyczne.<\/li>\n\n\n\n<li>Jako administrator Twoich danych, zapewniamy Ci prawo dost\u0119pu do Twoich danych, mo\u017cesz je r\u00f3wnie\u017c sprostowa\u0107, \u017c\u0105da\u0107 ich usuni\u0119cia lub ograniczenia ich przetwarzania. Mo\u017cesz tak\u017ce skorzysta\u0107 z uprawnienia do z\u0142o\u017cenia wobec Administratora sprzeciwu wobec przetwarzania Twoich danych oraz prawa do przenoszenia danych do innego administratora danych. W przypadku wyra\u017cenia dobrowolnej zgody, przys\u0142uguje Ci prawo cofni\u0119cia zgody na przetwarzanie danych w dowolnym momencie co nie wp\u0142ywa na zgodno\u015b\u0107 z prawem przetwarzania, kt\u00f3rego dokonano na podstawie zgody przed jej cofni\u0119ciem. Informujemy tak\u017ce, \u017ce przys\u0142uguje Ci prawo wniesienia skargi do organu nadzoruj\u0105cego przestrzeganie przepis\u00f3w ochrony danych osobowych.<\/li>\n\n\n\n<li>Twoje dane osobowe nie b\u0119d\u0105 przetwarzane w spos\u00f3b zautomatyzowany.<\/li>\n\n\n\n<li>Administrator nie zamierza przekazywa\u0107 Twoich danych poza teren Unii Europejskiej lub organizacji mi\u0119dzynarodowej.<\/li>\n<\/ol>\n<\/div><\/div>\n<\/div><\/section><\/div>\n\n\n\n<div class=\"section-wrapper\" data-id=\"6lj1Eh\"><section class=\"wp-block-gutenverse-section guten-element guten-section guten-6lj1Eh layout-boxed align-stretch\"><div class=\"guten-container guten-column-gap-no\">\n<div class=\"wp-block-gutenverse-column guten-element guten-column guten-K5esDV\"><div class=\"guten-column-wrapper\" data-id=\"K5esDV\">\n<div class=\"section-wrapper\" data-id=\"JaCyw6\"><section class=\"wp-block-gutenverse-section guten-element guten-section guten-JaCyw6 layout-fullwidth align-stretch\"><div class=\"guten-container guten-column-gap-no\">\n<div class=\"wp-block-gutenverse-column guten-element guten-column guten-9bX0uS\"><div class=\"guten-column-wrapper\" data-id=\"9bX0uS\">\n<div class=\"wp-block-gutenverse-image guten-element guten-image guten-QrQs96\"><div class=\"guten-image-wrapper\"><img loading=\"lazy\" decoding=\"async\" class=\"gutenverse-image-box-filled\" src=\"http:\/\/salus-reh.pl\/wp-content\/uploads\/2025\/03\/logo-icon-512-shadow.png\" height=\"512\" width=\"512\"\/><\/div><\/div>\n\n\n\n<div class=\"guten-element gutenverse-text-editor guten-YQ02rC\"><div class=\"text-content-inner\">\n<p class=\"has-medium-font-size\">Zadbaj o swoje cia\u0142o i odzyskaj sprawno\u015b\u0107<\/p>\n<\/div><\/div>\n<\/div><\/div>\n<\/div><\/section><\/div>\n\n\n\n<div class=\"section-wrapper\" data-id=\"0r5wsS\"><section class=\"wp-block-gutenverse-section guten-element guten-section guten-0r5wsS layout-fullwidth align-stretch\"><div class=\"guten-container guten-column-gap-no\">\n<div class=\"wp-block-gutenverse-column guten-element guten-column guten-OrpP0D\"><div class=\"guten-column-wrapper\" data-id=\"OrpP0D\">\n<h4 class=\"wp-block-gutenverse-heading guten-element guten-4ShvMI\">Social Media<\/h4>\n\n\n\n<div class=\"guten-element gutenverse-text-editor guten-5US4nR\"><div class=\"text-content-inner\">\n<p>B\u0105d\u017a z nami w kontakcie za po\u015brednictwem medi\u00f3w spo\u0142eczno\u015bciowych, aby by\u0107 na bie\u017c\u0105co z naszymi najnowszymi wiadomo\u015bciami.<\/p>\n<\/div><\/div>\n\n\n\n<div class=\"guten-element guten-social-icons guten-4QWtWb circle horizontal fill\">\n<div class=\"guten-element guten-social-icon guten-Rz6oGA facebook\"><a id=\"guten-Rz6oGA\" href=\"https:\/\/www.facebook.com\/rehabilitacjadg\" target=\"_blank\" rel=\"noreferrer noopener\"><i class=\"gtn gtn-facebook-light\"><\/i><\/a><\/div>\n\n\n\n<div class=\"guten-element guten-social-icon guten-VJEjN9 instagram\"><a id=\"guten-VJEjN9\" href=\"https:\/\/www.instagram.com\/explore\/locations\/1401038066859759\/masaz-i-rehabilitacja-salus-reh\/\" target=\"_blank\" rel=\"noreferrer noopener\"><i class=\"gtn gtn-instagram-1-light\"><\/i><\/a><\/div>\n<\/div>\n<\/div><\/div>\n\n\n\n<div class=\"wp-block-gutenverse-column guten-element guten-column guten-wJmile\"><div class=\"guten-column-wrapper\" data-id=\"wJmile\">\n<h4 class=\"wp-block-gutenverse-heading guten-element guten-TBkS8s\">Kontakt<\/h4>\n\n\n\n<div class=\"guten-element guten-icon-list guten-PgIUwD\"><div class=\" list-wrapper \">\n<div class=\"guten-element guten-icon-list-item guten-YZtq4W\"><div class=\"list-divider\"><\/div><a id=\"guten-YZtq4W\" href=\"https:\/\/maps.app.goo.gl\/cVMHz6R13iqiiHDz8\" target=\"_blank\" rel=\"noreferrer noopener\"><i class=\"fas fa-map-marker-alt\"><\/i><span class=\"list-text \">ul.1 Maja 38B\/2, D\u0105browa G\u00f3rnicza<\/span><\/a><\/div>\n\n\n\n<div class=\"guten-element guten-icon-list-item guten-BdQiD5\"><div class=\"list-divider\"><\/div><a id=\"guten-BdQiD5\" href=\"tel:+48884697999\"><i class=\"fas fa-phone\"><\/i><span class=\"list-text \">+48 884 697 999<\/span><\/a><\/div>\n\n\n\n<div class=\"guten-element guten-icon-list-item guten-kZpkQW\"><div class=\"list-divider\"><\/div><a id=\"guten-kZpkQW\" href=\"mailto:salusreh@gmail.com\" target=\"_blank\" rel=\"noreferrer noopener\"><i class=\"fas fa-envelope\"><\/i><span class=\"list-text \">salusreh@gmail.com<\/span><\/a><\/div>\n<\/div><\/div>\n<\/div><\/div>\n\n\n\n<div class=\"wp-block-gutenverse-column guten-element guten-column guten-v5VWt3\"><div class=\"guten-column-wrapper\" data-id=\"v5VWt3\">\n<h4 class=\"wp-block-gutenverse-heading guten-element guten-RU8MjF\">Godziny otwarcia<\/h4>\n\n\n\n<div class=\"guten-element guten-icon-list guten-q7z6nK\"><div class=\" list-wrapper \">\n<div class=\"guten-element guten-icon-list-item guten-QZgC8p\"><div class=\"list-divider\"><\/div><a id=\"guten-QZgC8p\"><i class=\"fas fa-check\"><\/i><span class=\"list-text \">Poniedzia\u0142ek \u2013 Pi\u0105tek:<\/span><\/a><\/div>\n\n\n\n<div class=\"guten-element guten-icon-list-item guten-2LFRtK\"><div class=\"list-divider\"><\/div><a id=\"guten-2LFRtK\"><i class=\"fas fa-check\"><\/i><span class=\"list-text \">Sobota:<\/span><\/a><\/div>\n\n\n\n<div class=\"guten-element guten-icon-list-item guten-cTNVF3\"><div class=\"list-divider\"><\/div><a id=\"guten-cTNVF3\"><i class=\"fas fa-check\"><\/i><span class=\"list-text \">Niedziela:<\/span><\/a><\/div>\n<\/div><\/div>\n\n\n\n<div class=\"guten-element guten-icon-list guten-R7SncU\"><div class=\" list-wrapper \">\n<div class=\"guten-element guten-icon-list-item guten-RbBtE6\"><div class=\"list-divider\"><\/div><a id=\"guten-RbBtE6\"><i class=\"fas fa-check\"><\/i><span class=\"list-text \">09:00 \u2013 18:00<\/span><\/a><\/div>\n\n\n\n<div class=\"guten-element guten-icon-list-item guten-g84ls5\"><div class=\"list-divider\"><\/div><a id=\"guten-g84ls5\"><i class=\"fas fa-check\"><\/i><span class=\"list-text \">Zamkni\u0119te<\/span><\/a><\/div>\n\n\n\n<div class=\"guten-element guten-icon-list-item guten-z7fiEO\"><div class=\"list-divider\"><\/div><a id=\"guten-z7fiEO\"><i class=\"fas fa-check\"><\/i><span class=\"list-text \">Zamkni\u0119te<\/span><\/a><\/div>\n<\/div><\/div>\n<\/div><\/div>\n\n\n\n<div class=\"wp-block-gutenverse-column guten-element guten-column guten-arkh9W\"><div class=\"guten-column-wrapper\" data-id=\"arkh9W\">\n<h4 class=\"wp-block-gutenverse-heading guten-element guten-qAaS09\">Regulaminy<\/h4>\n\n\n\n<div class=\"guten-element guten-icon-list guten-N0Xfil\"><div class=\" list-wrapper \">\n<div class=\"guten-element guten-icon-list-item guten-Meliwp\"><div class=\"list-divider\"><\/div><a id=\"guten-Meliwp\" href=\"http:\/\/salus-reh.pl\/index.php\/som\/\"><i class=\"fas fa-check\"><\/i><span class=\"list-text \">Regulamin Podmiotu<\/span><\/a><\/div>\n\n\n\n<div class=\"guten-element guten-icon-list-item guten-cc7cym\"><div class=\"list-divider\"><\/div><a id=\"guten-cc7cym\" href=\"http:\/\/salus-reh.pl\/index.php\/standardy-ochrony-maloletnich\/\"><i class=\"fas fa-check\"><\/i><span class=\"list-text \">Regulamin Ochrony Ma\u0142oletnich<\/span><\/a><\/div>\n\n\n\n<div class=\"guten-element guten-icon-list-item guten-519fJF\"><div class=\"list-divider\"><\/div><a id=\"guten-519fJF\" href=\"http:\/\/salus-reh.pl\/index.php\/privacy-policy\/\"><i class=\"fas fa-check\"><\/i><span class=\"list-text \">Polityka Prywatno\u015bci<\/span><\/a><\/div>\n\n\n\n<div class=\"guten-element guten-icon-list-item guten-rrNqVN\"><div class=\"list-divider\"><\/div><a id=\"guten-rrNqVN\" href=\"http:\/\/salus-reh.pl\/index.php\/rodo\/\"><i class=\"fas fa-check\"><\/i><span class=\"list-text \">RODO<\/span><\/a><\/div>\n<\/div><\/div>\n<\/div><\/div>\n<\/div><\/section><\/div>\n\n\n\n<div class=\"section-wrapper\" data-id=\"DgoN8N\"><section class=\"wp-block-gutenverse-section guten-element guten-section guten-DgoN8N layout-fullwidth align-stretch\"><div class=\"guten-container guten-column-gap-no\">\n<div class=\"wp-block-gutenverse-column guten-element guten-column guten-5UdtHM\"><div class=\"guten-column-wrapper\" data-id=\"5UdtHM\">\n<div class=\"guten-element gutenverse-text-editor guten-pEz9l8\"><div class=\"text-content-inner\">\n<p>Prawa autorskie <a href=\"http:\/\/salus-reh.pl\">www.salus-reh.pl<\/a> \u00a9 2025. Wszelkie prawa zastrze\u017cone<\/p>\n<\/div><\/div>\n<\/div><\/div>\n<\/div><\/section><\/div>\n<\/div><\/div>\n<\/div><\/section><\/div>\n","protected":false},"excerpt":{"rendered":"","protected":false},"author":2,"featured_media":0,"parent":0,"menu_order":0,"comment_status":"closed","ping_status":"closed","template":"blank-canvas","meta":{"footnotes":""},"class_list":["post-579","page","type-page","status-publish","hentry"],"yoast_head":"<!-- This site is optimized with the Yoast SEO plugin v25.3.1 - https:\/\/yoast.com\/wordpress\/plugins\/seo\/ -->\n<title>RODO - Salus-Reh<\/title>\n<meta name=\"robots\" content=\"index, follow, max-snippet:-1, max-image-preview:large, max-video-preview:-1\" \/>\n<link rel=\"canonical\" href=\"https:\/\/salus-reh.pl\/index.php\/rodo\/\" \/>\n<meta property=\"og:locale\" content=\"pl_PL\" \/>\n<meta property=\"og:type\" content=\"article\" \/>\n<meta property=\"og:title\" content=\"RODO - Salus-Reh\" \/>\n<meta property=\"og:url\" content=\"https:\/\/salus-reh.pl\/index.php\/rodo\/\" \/>\n<meta property=\"og:site_name\" content=\"Salus-Reh\" \/>\n<meta property=\"article:publisher\" content=\"https:\/\/www.facebook.com\/rehabilitacjadg\/?locale=pl_PL\" \/>\n<meta name=\"twitter:card\" content=\"summary_large_image\" \/>\n<meta name=\"twitter:label1\" content=\"Szacowany czas czytania\" \/>\n\t<meta name=\"twitter:data1\" content=\"2 minuty\" \/>\n<script type=\"application\/ld+json\" class=\"yoast-schema-graph\">{\"@context\":\"https:\/\/schema.org\",\"@graph\":[{\"@type\":\"WebPage\",\"@id\":\"https:\/\/salus-reh.pl\/index.php\/rodo\/\",\"url\":\"https:\/\/salus-reh.pl\/index.php\/rodo\/\",\"name\":\"RODO - Salus-Reh\",\"isPartOf\":{\"@id\":\"https:\/\/salus-reh.pl\/#website\"},\"datePublished\":\"2025-05-02T20:21:49+00:00\",\"breadcrumb\":{\"@id\":\"https:\/\/salus-reh.pl\/index.php\/rodo\/#breadcrumb\"},\"inLanguage\":\"pl-PL\",\"potentialAction\":[{\"@type\":\"ReadAction\",\"target\":[\"https:\/\/salus-reh.pl\/index.php\/rodo\/\"]}]},{\"@type\":\"BreadcrumbList\",\"@id\":\"https:\/\/salus-reh.pl\/index.php\/rodo\/#breadcrumb\",\"itemListElement\":[{\"@type\":\"ListItem\",\"position\":1,\"name\":\"Strona g\u0142\u00f3wna\",\"item\":\"https:\/\/salus-reh.pl\/\"},{\"@type\":\"ListItem\",\"position\":2,\"name\":\"RODO\"}]},{\"@type\":\"WebSite\",\"@id\":\"https:\/\/salus-reh.pl\/#website\",\"url\":\"https:\/\/salus-reh.pl\/\",\"name\":\"Salus-Reh\",\"description\":\"Gabinet Masa\u017cu i Rehabilitacji Salus-Reh w D\u0105browie G\u00f3rniczej\",\"publisher\":{\"@id\":\"https:\/\/salus-reh.pl\/#organization\"},\"potentialAction\":[{\"@type\":\"SearchAction\",\"target\":{\"@type\":\"EntryPoint\",\"urlTemplate\":\"https:\/\/salus-reh.pl\/?s={search_term_string}\"},\"query-input\":{\"@type\":\"PropertyValueSpecification\",\"valueRequired\":true,\"valueName\":\"search_term_string\"}}],\"inLanguage\":\"pl-PL\"},{\"@type\":\"Organization\",\"@id\":\"https:\/\/salus-reh.pl\/#organization\",\"name\":\"Salus-Reh\",\"url\":\"https:\/\/salus-reh.pl\/\",\"logo\":{\"@type\":\"ImageObject\",\"inLanguage\":\"pl-PL\",\"@id\":\"https:\/\/salus-reh.pl\/#\/schema\/logo\/image\/\",\"url\":\"http:\/\/salus-reh.pl\/wp-content\/uploads\/2025\/03\/logo-icon-512.png\",\"contentUrl\":\"http:\/\/salus-reh.pl\/wp-content\/uploads\/2025\/03\/logo-icon-512.png\",\"width\":512,\"height\":512,\"caption\":\"Salus-Reh\"},\"image\":{\"@id\":\"https:\/\/salus-reh.pl\/#\/schema\/logo\/image\/\"},\"sameAs\":[\"https:\/\/www.facebook.com\/rehabilitacjadg\/?locale=pl_PL\"]}]}<\/script>\n<!-- \/ Yoast SEO plugin. -->","yoast_head_json":{"title":"RODO - Salus-Reh","robots":{"index":"index","follow":"follow","max-snippet":"max-snippet:-1","max-image-preview":"max-image-preview:large","max-video-preview":"max-video-preview:-1"},"canonical":"https:\/\/salus-reh.pl\/index.php\/rodo\/","og_locale":"pl_PL","og_type":"article","og_title":"RODO - Salus-Reh","og_url":"https:\/\/salus-reh.pl\/index.php\/rodo\/","og_site_name":"Salus-Reh","article_publisher":"https:\/\/www.facebook.com\/rehabilitacjadg\/?locale=pl_PL","twitter_card":"summary_large_image","twitter_misc":{"Szacowany czas czytania":"2 minuty"},"schema":{"@context":"https:\/\/schema.org","@graph":[{"@type":"WebPage","@id":"https:\/\/salus-reh.pl\/index.php\/rodo\/","url":"https:\/\/salus-reh.pl\/index.php\/rodo\/","name":"RODO - Salus-Reh","isPartOf":{"@id":"https:\/\/salus-reh.pl\/#website"},"datePublished":"2025-05-02T20:21:49+00:00","breadcrumb":{"@id":"https:\/\/salus-reh.pl\/index.php\/rodo\/#breadcrumb"},"inLanguage":"pl-PL","potentialAction":[{"@type":"ReadAction","target":["https:\/\/salus-reh.pl\/index.php\/rodo\/"]}]},{"@type":"BreadcrumbList","@id":"https:\/\/salus-reh.pl\/index.php\/rodo\/#breadcrumb","itemListElement":[{"@type":"ListItem","position":1,"name":"Strona g\u0142\u00f3wna","item":"https:\/\/salus-reh.pl\/"},{"@type":"ListItem","position":2,"name":"RODO"}]},{"@type":"WebSite","@id":"https:\/\/salus-reh.pl\/#website","url":"https:\/\/salus-reh.pl\/","name":"Salus-Reh","description":"Gabinet Masa\u017cu i Rehabilitacji Salus-Reh w D\u0105browie G\u00f3rniczej","publisher":{"@id":"https:\/\/salus-reh.pl\/#organization"},"potentialAction":[{"@type":"SearchAction","target":{"@type":"EntryPoint","urlTemplate":"https:\/\/salus-reh.pl\/?s={search_term_string}"},"query-input":{"@type":"PropertyValueSpecification","valueRequired":true,"valueName":"search_term_string"}}],"inLanguage":"pl-PL"},{"@type":"Organization","@id":"https:\/\/salus-reh.pl\/#organization","name":"Salus-Reh","url":"https:\/\/salus-reh.pl\/","logo":{"@type":"ImageObject","inLanguage":"pl-PL","@id":"https:\/\/salus-reh.pl\/#\/schema\/logo\/image\/","url":"http:\/\/salus-reh.pl\/wp-content\/uploads\/2025\/03\/logo-icon-512.png","contentUrl":"http:\/\/salus-reh.pl\/wp-content\/uploads\/2025\/03\/logo-icon-512.png","width":512,"height":512,"caption":"Salus-Reh"},"image":{"@id":"https:\/\/salus-reh.pl\/#\/schema\/logo\/image\/"},"sameAs":["https:\/\/www.facebook.com\/rehabilitacjadg\/?locale=pl_PL"]}]}},"_links":{"self":[{"href":"https:\/\/salus-reh.pl\/index.php\/wp-json\/wp\/v2\/pages\/579","targetHints":{"allow":["GET"]}}],"collection":[{"href":"https:\/\/salus-reh.pl\/index.php\/wp-json\/wp\/v2\/pages"}],"about":[{"href":"https:\/\/salus-reh.pl\/index.php\/wp-json\/wp\/v2\/types\/page"}],"author":[{"embeddable":true,"href":"https:\/\/salus-reh.pl\/index.php\/wp-json\/wp\/v2\/users\/2"}],"replies":[{"embeddable":true,"href":"https:\/\/salus-reh.pl\/index.php\/wp-json\/wp\/v2\/comments?post=579"}],"version-history":[{"count":2,"href":"https:\/\/salus-reh.pl\/index.php\/wp-json\/wp\/v2\/pages\/579\/revisions"}],"predecessor-version":[{"id":581,"href":"https:\/\/salus-reh.pl\/index.php\/wp-json\/wp\/v2\/pages\/579\/revisions\/581"}],"wp:attachment":[{"href":"https:\/\/salus-reh.pl\/index.php\/wp-json\/wp\/v2\/media?parent=579"}],"curies":[{"name":"wp","href":"https:\/\/api.w.org\/{rel}","templated":true}]}}