{"id":3,"date":"2025-03-12T19:19:40","date_gmt":"2025-03-12T19:19:40","guid":{"rendered":"http:\/\/lmejubn.cluster100.hosting.ovh.net\/?page_id=3"},"modified":"2025-05-29T16:22:36","modified_gmt":"2025-05-29T16:22:36","slug":"privacy-policy","status":"publish","type":"page","link":"https:\/\/salus-reh.pl\/index.php\/privacy-policy\/","title":{"rendered":"Polityka Prywatno\u015bci"},"content":{"rendered":"\n<h1 class=\"wp-block-heading has-text-align-center has-text-color has-link-color wp-elements-6de8c351d22d3c794620a4e24d879e18\" style=\"color:#777777;font-size:40px\">Polityka Prywatno\u015bci<\/h1>\n\n\n\n<p>Administratorem danych osobowych przetwarzanych w zwi\u0105zku z korzystaniem z naszej strony internetowej jest MASA\u017b\u00a0I\u00a0REHABILITACJA\u00a0SALUS-REH\u00a0WERONIKA DUTKIEWICZ z siedzib\u0105 w D\u0105browie G\u00f3rniczej (41-300) przy ul. 1 Maja 38 B o numerze NIP: 222\u00a0081 35 45, REGON: 360230391.<\/p>\n\n\n\n<p>Dane osobowe, kt\u00f3re nam powierzasz, w szczeg\u00f3lno\u015bci imi\u0119, nazwisko, adres zamieszkania, adres poczty elektronicznej, numer telefonu oraz dane dotycz\u0105ce stanu zdrowia przetwarzane s\u0105 w zakresie niezb\u0119dnych do prawid\u0142owej realizacji us\u0142ug \u015bwiadczonych drog\u0105 elektroniczn\u0105.<\/p>\n\n\n\n<p>Podanie powy\u017cszych danych jest dobrowolne, jednak brak zgody na przetwarzanie przez nas tych danych mo\u017ce uniemo\u017cliwi\u0107 nam \u015bwiadczenie naszych us\u0142ug.<\/p>\n\n\n\n<p>Jako administrator danych, zapewniam Ci prawo dost\u0119pu do Twoich danych, prawo do sprostowania swoich danych, prawo do usuni\u0119cia lub ograniczenia ich przetwarzania. Mo\u017cna tak\u017ce skorzysta\u0107 z uprawnienia do z\u0142o\u017cenia wobec Administratora sprzeciwu wobec przetwarzania swoich danych oraz prawa do przenoszenia danych do innego administratora danych. W przypadku wyra\u017cenia dobrowolnej zgody, przys\u0142uguje Ci prawo cofni\u0119cia zgody na przetwarzanie danych w dowolnym momencie co nie wp\u0142ywa na zgodno\u015b\u0107 z prawem przetwarzania, kt\u00f3rego dokonano na podstawie zgody przed jej cofni\u0119ciem. Informuj\u0119 tak\u017ce, \u017ce przys\u0142uguje Ci prawo wniesienia skargi do organu nadzoruj\u0105cego przestrzeganie przepis\u00f3w ochrony danych osobowych.<\/p>\n\n\n\n<p>Pa\u0144stwa dane osobowe mog\u0105 by\u0107 przekazywane odbiorcom \u015bwiadcz\u0105cym na nasz\u0105 rzecz zlecenie oraz podmiotom do tego upowa\u017cnionym na podstawie przepis\u00f3w prawa.<\/p>\n","protected":false},"excerpt":{"rendered":"<p>Polityka Prywatno\u015bci Administratorem danych osobowych przetwarzanych w zwi\u0105zku z korzystaniem z naszej strony internetowej jest MASA\u017b\u00a0I\u00a0REHABILITACJA\u00a0SALUS-REH\u00a0WERONIKA DUTKIEWICZ z siedzib\u0105 w D\u0105browie G\u00f3rniczej (41-300) przy ul. 1 Maja 38 B o numerze NIP: 222\u00a0081 35 45, REGON: 360230391. Dane osobowe, kt\u00f3re nam powierzasz, w szczeg\u00f3lno\u015bci imi\u0119, nazwisko, adres zamieszkania, adres poczty elektronicznej, numer telefonu oraz dane [&hellip;]<\/p>\n","protected":false},"author":2,"featured_media":0,"parent":0,"menu_order":0,"comment_status":"closed","ping_status":"open","template":"","meta":{"footnotes":""},"class_list":["post-3","page","type-page","status-publish","hentry"],"yoast_head":"<!-- This site is optimized with the Yoast SEO plugin v25.3.1 - https:\/\/yoast.com\/wordpress\/plugins\/seo\/ -->\n<title>Polityka Prywatno\u015bci - Salus-Reh<\/title>\n<meta name=\"robots\" content=\"index, follow, max-snippet:-1, max-image-preview:large, max-video-preview:-1\" \/>\n<link rel=\"canonical\" href=\"https:\/\/salus-reh.pl\/index.php\/privacy-policy\/\" \/>\n<meta property=\"og:locale\" content=\"pl_PL\" \/>\n<meta property=\"og:type\" content=\"article\" \/>\n<meta property=\"og:title\" content=\"Polityka Prywatno\u015bci - Salus-Reh\" \/>\n<meta property=\"og:description\" content=\"Polityka Prywatno\u015bci Administratorem danych osobowych przetwarzanych w zwi\u0105zku z korzystaniem z naszej strony internetowej jest MASA\u017b\u00a0I\u00a0REHABILITACJA\u00a0SALUS-REH\u00a0WERONIKA DUTKIEWICZ z siedzib\u0105 w D\u0105browie G\u00f3rniczej (41-300) przy ul. 1 Maja 38 B o numerze NIP: 222\u00a0081 35 45, REGON: 360230391. Dane osobowe, kt\u00f3re nam powierzasz, w szczeg\u00f3lno\u015bci imi\u0119, nazwisko, adres zamieszkania, adres poczty elektronicznej, numer telefonu oraz dane [&hellip;]\" \/>\n<meta property=\"og:url\" content=\"https:\/\/salus-reh.pl\/index.php\/privacy-policy\/\" \/>\n<meta property=\"og:site_name\" content=\"Salus-Reh\" \/>\n<meta property=\"article:publisher\" content=\"https:\/\/www.facebook.com\/rehabilitacjadg\/?locale=pl_PL\" \/>\n<meta property=\"article:modified_time\" content=\"2025-05-29T16:22:36+00:00\" \/>\n<meta name=\"twitter:card\" content=\"summary_large_image\" \/>\n<meta name=\"twitter:label1\" content=\"Szacowany czas czytania\" \/>\n\t<meta name=\"twitter:data1\" content=\"2 minuty\" \/>\n<script type=\"application\/ld+json\" class=\"yoast-schema-graph\">{\"@context\":\"https:\/\/schema.org\",\"@graph\":[{\"@type\":\"WebPage\",\"@id\":\"https:\/\/salus-reh.pl\/index.php\/privacy-policy\/\",\"url\":\"https:\/\/salus-reh.pl\/index.php\/privacy-policy\/\",\"name\":\"Polityka Prywatno\u015bci - Salus-Reh\",\"isPartOf\":{\"@id\":\"https:\/\/salus-reh.pl\/#website\"},\"datePublished\":\"2025-03-12T19:19:40+00:00\",\"dateModified\":\"2025-05-29T16:22:36+00:00\",\"breadcrumb\":{\"@id\":\"https:\/\/salus-reh.pl\/index.php\/privacy-policy\/#breadcrumb\"},\"inLanguage\":\"pl-PL\",\"potentialAction\":[{\"@type\":\"ReadAction\",\"target\":[\"https:\/\/salus-reh.pl\/index.php\/privacy-policy\/\"]}]},{\"@type\":\"BreadcrumbList\",\"@id\":\"https:\/\/salus-reh.pl\/index.php\/privacy-policy\/#breadcrumb\",\"itemListElement\":[{\"@type\":\"ListItem\",\"position\":1,\"name\":\"Strona g\u0142\u00f3wna\",\"item\":\"https:\/\/salus-reh.pl\/\"},{\"@type\":\"ListItem\",\"position\":2,\"name\":\"Polityka Prywatno\u015bci\"}]},{\"@type\":\"WebSite\",\"@id\":\"https:\/\/salus-reh.pl\/#website\",\"url\":\"https:\/\/salus-reh.pl\/\",\"name\":\"Salus-Reh\",\"description\":\"Gabinet Masa\u017cu i Rehabilitacji Salus-Reh w D\u0105browie G\u00f3rniczej\",\"publisher\":{\"@id\":\"https:\/\/salus-reh.pl\/#organization\"},\"potentialAction\":[{\"@type\":\"SearchAction\",\"target\":{\"@type\":\"EntryPoint\",\"urlTemplate\":\"https:\/\/salus-reh.pl\/?s={search_term_string}\"},\"query-input\":{\"@type\":\"PropertyValueSpecification\",\"valueRequired\":true,\"valueName\":\"search_term_string\"}}],\"inLanguage\":\"pl-PL\"},{\"@type\":\"Organization\",\"@id\":\"https:\/\/salus-reh.pl\/#organization\",\"name\":\"Salus-Reh\",\"url\":\"https:\/\/salus-reh.pl\/\",\"logo\":{\"@type\":\"ImageObject\",\"inLanguage\":\"pl-PL\",\"@id\":\"https:\/\/salus-reh.pl\/#\/schema\/logo\/image\/\",\"url\":\"http:\/\/salus-reh.pl\/wp-content\/uploads\/2025\/03\/logo-icon-512.png\",\"contentUrl\":\"http:\/\/salus-reh.pl\/wp-content\/uploads\/2025\/03\/logo-icon-512.png\",\"width\":512,\"height\":512,\"caption\":\"Salus-Reh\"},\"image\":{\"@id\":\"https:\/\/salus-reh.pl\/#\/schema\/logo\/image\/\"},\"sameAs\":[\"https:\/\/www.facebook.com\/rehabilitacjadg\/?locale=pl_PL\"]}]}<\/script>\n<!-- \/ Yoast SEO plugin. -->","yoast_head_json":{"title":"Polityka Prywatno\u015bci - Salus-Reh","robots":{"index":"index","follow":"follow","max-snippet":"max-snippet:-1","max-image-preview":"max-image-preview:large","max-video-preview":"max-video-preview:-1"},"canonical":"https:\/\/salus-reh.pl\/index.php\/privacy-policy\/","og_locale":"pl_PL","og_type":"article","og_title":"Polityka Prywatno\u015bci - Salus-Reh","og_description":"Polityka Prywatno\u015bci Administratorem danych osobowych przetwarzanych w zwi\u0105zku z korzystaniem z naszej strony internetowej jest MASA\u017b\u00a0I\u00a0REHABILITACJA\u00a0SALUS-REH\u00a0WERONIKA DUTKIEWICZ z siedzib\u0105 w D\u0105browie G\u00f3rniczej (41-300) przy ul. 1 Maja 38 B o numerze NIP: 222\u00a0081 35 45, REGON: 360230391. Dane osobowe, kt\u00f3re nam powierzasz, w szczeg\u00f3lno\u015bci imi\u0119, nazwisko, adres zamieszkania, adres poczty elektronicznej, numer telefonu oraz dane [&hellip;]","og_url":"https:\/\/salus-reh.pl\/index.php\/privacy-policy\/","og_site_name":"Salus-Reh","article_publisher":"https:\/\/www.facebook.com\/rehabilitacjadg\/?locale=pl_PL","article_modified_time":"2025-05-29T16:22:36+00:00","twitter_card":"summary_large_image","twitter_misc":{"Szacowany czas czytania":"2 minuty"},"schema":{"@context":"https:\/\/schema.org","@graph":[{"@type":"WebPage","@id":"https:\/\/salus-reh.pl\/index.php\/privacy-policy\/","url":"https:\/\/salus-reh.pl\/index.php\/privacy-policy\/","name":"Polityka Prywatno\u015bci - Salus-Reh","isPartOf":{"@id":"https:\/\/salus-reh.pl\/#website"},"datePublished":"2025-03-12T19:19:40+00:00","dateModified":"2025-05-29T16:22:36+00:00","breadcrumb":{"@id":"https:\/\/salus-reh.pl\/index.php\/privacy-policy\/#breadcrumb"},"inLanguage":"pl-PL","potentialAction":[{"@type":"ReadAction","target":["https:\/\/salus-reh.pl\/index.php\/privacy-policy\/"]}]},{"@type":"BreadcrumbList","@id":"https:\/\/salus-reh.pl\/index.php\/privacy-policy\/#breadcrumb","itemListElement":[{"@type":"ListItem","position":1,"name":"Strona g\u0142\u00f3wna","item":"https:\/\/salus-reh.pl\/"},{"@type":"ListItem","position":2,"name":"Polityka Prywatno\u015bci"}]},{"@type":"WebSite","@id":"https:\/\/salus-reh.pl\/#website","url":"https:\/\/salus-reh.pl\/","name":"Salus-Reh","description":"Gabinet Masa\u017cu i Rehabilitacji Salus-Reh w D\u0105browie G\u00f3rniczej","publisher":{"@id":"https:\/\/salus-reh.pl\/#organization"},"potentialAction":[{"@type":"SearchAction","target":{"@type":"EntryPoint","urlTemplate":"https:\/\/salus-reh.pl\/?s={search_term_string}"},"query-input":{"@type":"PropertyValueSpecification","valueRequired":true,"valueName":"search_term_string"}}],"inLanguage":"pl-PL"},{"@type":"Organization","@id":"https:\/\/salus-reh.pl\/#organization","name":"Salus-Reh","url":"https:\/\/salus-reh.pl\/","logo":{"@type":"ImageObject","inLanguage":"pl-PL","@id":"https:\/\/salus-reh.pl\/#\/schema\/logo\/image\/","url":"http:\/\/salus-reh.pl\/wp-content\/uploads\/2025\/03\/logo-icon-512.png","contentUrl":"http:\/\/salus-reh.pl\/wp-content\/uploads\/2025\/03\/logo-icon-512.png","width":512,"height":512,"caption":"Salus-Reh"},"image":{"@id":"https:\/\/salus-reh.pl\/#\/schema\/logo\/image\/"},"sameAs":["https:\/\/www.facebook.com\/rehabilitacjadg\/?locale=pl_PL"]}]}},"_links":{"self":[{"href":"https:\/\/salus-reh.pl\/index.php\/wp-json\/wp\/v2\/pages\/3","targetHints":{"allow":["GET"]}}],"collection":[{"href":"https:\/\/salus-reh.pl\/index.php\/wp-json\/wp\/v2\/pages"}],"about":[{"href":"https:\/\/salus-reh.pl\/index.php\/wp-json\/wp\/v2\/types\/page"}],"author":[{"embeddable":true,"href":"https:\/\/salus-reh.pl\/index.php\/wp-json\/wp\/v2\/users\/2"}],"replies":[{"embeddable":true,"href":"https:\/\/salus-reh.pl\/index.php\/wp-json\/wp\/v2\/comments?post=3"}],"version-history":[{"count":3,"href":"https:\/\/salus-reh.pl\/index.php\/wp-json\/wp\/v2\/pages\/3\/revisions"}],"predecessor-version":[{"id":742,"href":"https:\/\/salus-reh.pl\/index.php\/wp-json\/wp\/v2\/pages\/3\/revisions\/742"}],"wp:attachment":[{"href":"https:\/\/salus-reh.pl\/index.php\/wp-json\/wp\/v2\/media?parent=3"}],"curies":[{"name":"wp","href":"https:\/\/api.w.org\/{rel}","templated":true}]}}