{"id":270,"date":"2025-03-23T18:29:58","date_gmt":"2025-03-23T18:29:58","guid":{"rendered":"http:\/\/lmejubn.cluster100.hosting.ovh.net\/?page_id=270"},"modified":"2025-05-18T17:11:19","modified_gmt":"2025-05-18T17:11:19","slug":"som","status":"publish","type":"page","link":"https:\/\/salus-reh.pl\/index.php\/som\/","title":{"rendered":"Regulamin Podmiotu"},"content":{"rendered":"\n<h1 class=\"wp-block-heading has-text-align-center has-text-color has-link-color wp-elements-4534bcb6bba7b68913cb25c973078086\" style=\"color:#818181;font-size:40px\">Regulamin organizacyjny podmiotu leczniczego Masa\u017c i Rehabilitacja Salus-Reh Weronika Dutkiewicz<\/h1>\n\n\n\n<p class=\"has-text-color has-link-color wp-elements-be74b546a94d628b8af94721ef6cba7b\" style=\"color:#777777\"><\/p>\n\n\n\n<p class=\"has-text-align-center\"><em><strong>\u00a7 1<\/strong><\/em><\/p>\n\n\n\n<p><\/p>\n\n\n\n<ol class=\"wp-block-list\">\n<li><em>Regulamin okre\u015bla organizacj\u0119 i porz\u0105dek procesu udzielania \u015bwiadcze\u0144 zdrowotnych przez podmiot leczniczy Masa\u017c i Rehabilitacja Salus-Reh Weronika Dutkiewicz, 41-300 D\u0105browa G\u00f3rnicza, przy ul. 1 Maja 38B.<\/em>&nbsp;<em>NIP: 2220813545, REGON:<\/em>&nbsp;<em>360230391<\/em><\/li>\n\n\n\n<li><em>W ramach podmiotu leczniczego wyodr\u0119bnia si\u0119 jednostki organizacyjne:<br>\u2013 Zak\u0142ad Fizjoterapii i Masa\u017cu Salus-Reh<\/em><\/li>\n\n\n\n<li><em>W obr\u0119bie jednostki organizacyjnej Masa\u017c i Rehabilitacja Salus-Reh funkcjonuj\u0105 kom\u00f3rki organizacyjne:<\/em><br><em>\u2013 dzia\u0142 (pracownia) fizjoterapii i Masa\u017cu Salus-Reh<\/em><\/li>\n<\/ol>\n\n\n\n<p><\/p>\n\n\n\n<p class=\"has-text-align-center\"><em><strong>\u00a7 2<\/strong><\/em><\/p>\n\n\n\n<p><\/p>\n\n\n\n<p><em>Regulamin opracowano na podstawie:<\/em><\/p>\n\n\n\n<p><em>\u2013 ustawy z dnia 15 kwietnia 2011 r. o dzia\u0142alno\u015bci leczniczej (Dz. U. Nr 112, poz. 654);<\/em><br><em>\u2013 przepisy ustawy z dnia 8 listopada 2008 r. o prawach pacjenta i Rzeczniku Praw Pacjenta,<\/em><br><em>\u2013 wpisie do ewidencji gospodarczej nr 2220813545<\/em><br><em>\u2013 ustawy z dnia 25 wrze\u015bnia 2015 r. o zawodzie fizjoterapeuty,<\/em><br><em>\u2013 innych przepis\u00f3w prawa oraz postanowienia niniejszego regulaminu organizacyjnego<\/em><\/p>\n\n\n\n<p><\/p>\n\n\n\n<p class=\"has-text-align-center\"><em><strong>\u00a7 3<\/strong><\/em><\/p>\n\n\n\n<p><\/p>\n\n\n\n<ol class=\"wp-block-list\">\n<li><em>Podstawowym celem podmiotu Masa\u017c i Rehabilitacja Salus-Reh Weronika Dutkiewicz jest&nbsp;<\/em>przywracanie, poprawa lub zachowanie zdrowia pacjent\u00f3w poprzez&nbsp;<em>udzielanie \u015bwiadcze\u0144 fizjoterapeutycznych<\/em><\/li>\n\n\n\n<li><em>Do zada\u0144 podmiotu Masa\u017c i Rehabilitacja Salus-Reh Weronika Dutkiewicz nale\u017cy:<\/em><br><em>\u2013 kwalifikowanie i planowanie zabieg\u00f3w fizjoterapeutycznych<\/em><br><em>\u2013 udzielanie indywidualnych porad i konsultacji fizjoterapeutycznych,<\/em><br><em>\u2013 udzielanie \u015bwiadcze\u0144 zdrowotnych z zakresu fizjoterapii i masa\u017cu leczniczego,<\/em><br><em>\u2013 dzia\u0142ania edukacyjne, promocja zdrowia i dzia\u0142ania maj\u0105ce na celu profilaktyk\u0119 zdrowia<\/em><br><em>\u2013 prowadzenie dokumentacji medycznej zgodnie z wymogami prawa<\/em><\/li>\n<\/ol>\n\n\n\n<p><\/p>\n\n\n\n<p class=\"has-text-align-center\"><em><strong>\u00a7 4<\/strong><\/em><\/p>\n\n\n\n<p><\/p>\n\n\n\n<ol class=\"wp-block-list\">\n<li><em>Podmiot leczniczy udziela ambulatoryjnych \u015bwiadcze\u0144 zdrowotnych z zakresu fizjoterapii. W sk\u0142ad kt\u00f3rego wchodz\u0105: Masa\u017c , fizykoterapia- Laseroterapia, elektroterapia, \u015bwiat\u0142oterapia ,fala uderzeniowa, Metody terapii Manualnej , Drena\u017c limfatyczny , kinesiotaping.<\/em><\/li>\n\n\n\n<li><em>\u015awiadczenia w ramach pracy gabinetu s\u0105 realizowane w dni: poniedzia\u0142ek \u2013 pi\u0105tek w godz. 9.00 \u2013 18.00.<\/em><\/li>\n\n\n\n<li><em>\u015awiadczenia s\u0105 udzielane w terminie uzgodnionym z pacjentem.<\/em><br><em>Rejestracja pacjent\u00f3w dokonywana jest na podstawie zg\u0142oszenia: osobistego lub za po\u015brednictwem osoby trzeciej w miejscu udzielania \u015bwiadcze\u0144, telefonicznego na numer telefonu 884-697-999, lub za pomoc\u0105 kalendarza online, &nbsp;drog\u0105 mailow\u0105: salusreh@gmail.com<\/em><\/li>\n\n\n\n<li><em>\u015awiadczenia na rzecz pacjent\u00f3w wykonywane s\u0105 przez personel posiadaj\u0105cy odpowiednie kwalifikacje i uprawnienia , zgodnie z wymaganiami aktualnej wiedzy medycznej oraz fizjoterapeutycznej.<\/em><\/li>\n\n\n\n<li><em>Podmiot leczniczy Masa\u017c i Rehabilitacja Salus-Reh Weronika Dutkiewicz udziela odp\u0142atnych \u015bwiadcze\u0144 zdrowotnych, zgodnych z cennikiem zamieszczonym na stronie internetowej&nbsp;<\/em><a href=\"http:\/\/www.salus-reh.pl\/\"><em>www.salus-reh.pl<\/em><\/a><\/li>\n\n\n\n<li><em>Czas trwania wizyty wynosi ok.50min w zale\u017cno\u015bci od indywidulanego problemu zdrowotnego pacjenta<\/em><\/li>\n\n\n\n<li><em>Op\u0142ata za zrealizowanie zabiegu pobierana jest na ko\u0144cu wizyty w formie p\u0142atno\u015bci: got\u00f3wk\u0105, kart\u0105 przelewem, blik.<\/em><\/li>\n\n\n\n<li><em>W przypadku nieobecno\u015bci pacjenta na wizycie, bez uprzedniego poinformowania o odwo\u0142aniu wizyty z wyprzedzeniem minimum12 godzin, pacjent chc\u0105c zarezerwowa\u0107 kolejny termin\/kontynuowa\u0107 terapi\u0119 ma obowi\u0105zek op\u0142acenia nale\u017cno\u015bci za wizyt\u0119, na kt\u00f3rej si\u0119 nie pojawi\u0142. W przypadku zdarze\u0144 losowych sprawa b\u0119dzie rozpatrywana indywidualnie.<\/em><\/li>\n\n\n\n<li><em>Przed rozpocz\u0119ciem rehabilitacji pacjent zostaje zaznajomiony z tre\u015bci\u0105:<\/em>\n<ol style=\"list-style-type:lower-alpha\" class=\"wp-block-list\">\n<li><em>Regulaminu podmiotu leczniczego Masa\u017c i Rehabilitacja Salus Reh Weronika Dutkiewicz oraz zobowi\u0105zuje si\u0119 do jego przestrzegania.<\/em><\/li>\n\n\n\n<li><em>Mo\u017cliwo\u015bci\u0105 upowa\u017cnienia innych &nbsp;os\u00f3b do uzyskiwania informacji o stanie zdrowia pacjenta i udzielonych pacjentowi \u015bwiadcze\u0144 zdrowotnych.<\/em><\/li>\n\n\n\n<li><em>Mo\u017cliwo\u015bci\u0105 upowa\u017cnienia innych os\u00f3b do uzyskiwania dokumentacji medycznej dotycz\u0105cej pacjenta.<\/em><\/li>\n\n\n\n<li><em>O\u015bwiadczeniem dotycz\u0105cym klauzuli informacyjnej RODO<\/em><\/li>\n<\/ol>\n<\/li>\n<\/ol>\n\n\n\n<p><\/p>\n\n\n\n<p class=\"has-text-align-center\"><em><strong>\u00a7 5<\/strong><\/em><\/p>\n\n\n\n<p><\/p>\n\n\n\n<ol class=\"wp-block-list\">\n<li><em>Podmiot leczniczy prowadzi, przechowuje i udost\u0119pnia dokumentacj\u0119 medyczn\u0105 na zasadach okre\u015blony w niniejszym Regulaminie, a tak\u017ce w ustawie z dnia o prawach pacjenta i Rzeczniku Praw Pacjenta i Rozporz\u0105dzeniu Ministra Zdrowia z dnia 21 grudnia 2010 r. w sprawie rodzaj\u00f3w i zakresu dokumentacji medycznej oraz sposobu jej przetwarzania.<\/em><\/li>\n\n\n\n<li><em>Podmiot leczniczy zapewnia ochron\u0119 danych zawartych w dokumentacji medycznej.<\/em><\/li>\n\n\n\n<li><em>Pacjentowi przys\u0142uguje uprawnienie do \u017c\u0105dania udost\u0119pnienia mu dokumentacji medycznej, kt\u00f3ra go dotyczy.<\/em><\/li>\n\n\n\n<li><em>Podmiot Leczniczy udost\u0119pni dokumentacje medyczn\u0105 po otrzymaniu \u017c\u0105dania z\u0142o\u017conego przez uprawnion\u0105 osob\u0119. \u017b\u0105danie mo\u017ce by\u0107 z\u0142o\u017cone w dowolnej formie jednak w spos\u00f3b niepozostawiaj\u0105cy w\u0105tpliwo\u015bci, \u017ce \u017c\u0105danie zosta\u0142o z\u0142o\u017cone przez osob\u0119 uprawnion\u0105.<\/em><\/li>\n\n\n\n<li><em>Dokumentacja medyczna jest udost\u0119pniana:<\/em><br><em>\u2013 do wgl\u0105du w siedzibie podmiotu leczniczego;<\/em><br><em>\u2013 poprzez sporz\u0105dzenie jej wydruku;<\/em><br><em>\u2013 z uwzgl\u0119dnieniem standard\u00f3w udost\u0119pniania dokumentacji medycznej prowadzonej w formie elektronicznej \u2013 poprzez wys\u0142anie dokumentacji medycznej na wskazany przez Pacjenta adres mailowy.<\/em><\/li>\n\n\n\n<li><em>Za udost\u0119pnienie dokumentacji medycznej podmiot leczniczy nie pobiera op\u0142at.<\/em><\/li>\n<\/ol>\n\n\n\n<p><\/p>\n\n\n\n<p class=\"has-text-align-center\"><em><strong>\u00a7 6<\/strong><\/em><\/p>\n\n\n\n<p><\/p>\n\n\n\n<ol class=\"wp-block-list\">\n<li><em>Pacjentowi korzystaj\u0105cemu ze \u015bwiadcze\u0144 zwrotnych udzielanych w ramach dzia\u0142alno\u015bci prowadzonej przez podmiot leczniczy przys\u0142uguj\u0105 prawa przewidziane w ustawie z dnia 6 listopada 2008 r. o prawach pacjenta i Rzeczniku Praw Pacjenta.<\/em><\/li>\n<\/ol>\n\n\n\n<p><\/p>\n\n\n\n<p class=\"has-text-align-center\"><em><strong>\u00a7 7<\/strong><\/em><\/p>\n\n\n\n<p><\/p>\n\n\n\n<ol class=\"wp-block-list\">\n<li><em>W czasie korzystania ze \u015bwiadcze\u0144 medycznych w Masa\u017c i Rehabilitacja Salus-Reh Weronika Dutkiewicz pacjent ma prawo do:<\/em><br><em>\u2013 poszanowania godno\u015bci osobistej oraz uprzejmego traktowania przez personel medyczny;<\/em><br><em>\u2013 \u015bwiadczenia us\u0142ug zdrowotnych przez personel o odpowiednich kwalifikacjach, zgodnie z wymaganiami wiedzy medycznej;<\/em><br><em>\u2013 rzetelnej informacji o stanie zdrowia;<\/em><br><em>\u2013 wyra\u017cenia zgody na udzielanie okre\u015blonych \u015bwiadcze\u0144 zdrowotnych lub ich odmowy, po uzyskaniu informacji o proponowanych metodach diagnozy i leczenia.<\/em><\/li>\n\n\n\n<li><em>Do obowi\u0105zk\u00f3w pacjenta nale\u017cy:<\/em><br><em>\u2013 przestrzeganie regulaminu porz\u0105dkowego podmiotu przestrzeganie zakazu palenia tytoniu oraz spo\u017cywania alkoholu na terenie Gabinetu<\/em><br><em>\u2013 przestrzeganie higieny osobistej<\/em><br><em>\u2013 przestrzeganie zalece\u0144 fizjoterapeuty<\/em><\/li>\n\n\n\n<li><em>Pacjent, kt\u00f3rego prawa zosta\u0142y naruszone w trakcie korzystania ze \u015bwiadcze\u0144 medycznych w gabinecie Masa\u017c i Rehabilitacja Salus-Reh Weronika Dutkiewicz ma prawo do z\u0142o\u017cenia ustnej lub pisemnej skargi, uwagi do kierownika zak\u0142adu.<\/em><\/li>\n\n\n\n<li><em>Podmiot Masa\u017c i Rehabilitacja Salus-Reh Weronika Dutkiewicz zapewnia dost\u0119pno\u015b\u0107 informacji o prawach pacjenta.<\/em><\/li>\n<\/ol>\n","protected":false},"excerpt":{"rendered":"<p>Regulamin organizacyjny podmiotu leczniczego Masa\u017c i Rehabilitacja Salus-Reh Weronika Dutkiewicz \u00a7 1 \u00a7 2 Regulamin opracowano na podstawie: \u2013 ustawy z dnia 15 kwietnia 2011 r. o dzia\u0142alno\u015bci leczniczej (Dz. U. Nr 112, poz. 654);\u2013 przepisy ustawy z dnia 8 listopada 2008 r. o prawach pacjenta i Rzeczniku Praw Pacjenta,\u2013 wpisie do ewidencji gospodarczej nr [&hellip;]<\/p>\n","protected":false},"author":2,"featured_media":0,"parent":0,"menu_order":0,"comment_status":"closed","ping_status":"open","template":"","meta":{"footnotes":""},"class_list":["post-270","page","type-page","status-publish","hentry"],"yoast_head":"<!-- This site is optimized with the Yoast SEO plugin v25.3.1 - https:\/\/yoast.com\/wordpress\/plugins\/seo\/ -->\n<title>Regulamin Podmiotu - Salus-Reh<\/title>\n<meta name=\"robots\" content=\"index, follow, max-snippet:-1, max-image-preview:large, max-video-preview:-1\" \/>\n<link rel=\"canonical\" href=\"https:\/\/salus-reh.pl\/index.php\/som\/\" \/>\n<meta property=\"og:locale\" content=\"pl_PL\" \/>\n<meta property=\"og:type\" content=\"article\" \/>\n<meta property=\"og:title\" content=\"Regulamin Podmiotu - Salus-Reh\" \/>\n<meta property=\"og:description\" content=\"Regulamin organizacyjny podmiotu leczniczego Masa\u017c i Rehabilitacja Salus-Reh Weronika Dutkiewicz \u00a7 1 \u00a7 2 Regulamin opracowano na podstawie: \u2013 ustawy z dnia 15 kwietnia 2011 r. o dzia\u0142alno\u015bci leczniczej (Dz. U. Nr 112, poz. 654);\u2013 przepisy ustawy z dnia 8 listopada 2008 r. o prawach pacjenta i Rzeczniku Praw Pacjenta,\u2013 wpisie do ewidencji gospodarczej nr [&hellip;]\" \/>\n<meta property=\"og:url\" content=\"https:\/\/salus-reh.pl\/index.php\/som\/\" \/>\n<meta property=\"og:site_name\" content=\"Salus-Reh\" \/>\n<meta property=\"article:publisher\" content=\"https:\/\/www.facebook.com\/rehabilitacjadg\/?locale=pl_PL\" \/>\n<meta property=\"article:modified_time\" content=\"2025-05-18T17:11:19+00:00\" \/>\n<meta name=\"twitter:card\" content=\"summary_large_image\" \/>\n<meta name=\"twitter:label1\" content=\"Szacowany czas czytania\" \/>\n\t<meta name=\"twitter:data1\" content=\"5 minut\" \/>\n<script type=\"application\/ld+json\" class=\"yoast-schema-graph\">{\"@context\":\"https:\/\/schema.org\",\"@graph\":[{\"@type\":\"WebPage\",\"@id\":\"https:\/\/salus-reh.pl\/index.php\/som\/\",\"url\":\"https:\/\/salus-reh.pl\/index.php\/som\/\",\"name\":\"Regulamin Podmiotu - Salus-Reh\",\"isPartOf\":{\"@id\":\"https:\/\/salus-reh.pl\/#website\"},\"datePublished\":\"2025-03-23T18:29:58+00:00\",\"dateModified\":\"2025-05-18T17:11:19+00:00\",\"breadcrumb\":{\"@id\":\"https:\/\/salus-reh.pl\/index.php\/som\/#breadcrumb\"},\"inLanguage\":\"pl-PL\",\"potentialAction\":[{\"@type\":\"ReadAction\",\"target\":[\"https:\/\/salus-reh.pl\/index.php\/som\/\"]}]},{\"@type\":\"BreadcrumbList\",\"@id\":\"https:\/\/salus-reh.pl\/index.php\/som\/#breadcrumb\",\"itemListElement\":[{\"@type\":\"ListItem\",\"position\":1,\"name\":\"Strona g\u0142\u00f3wna\",\"item\":\"https:\/\/salus-reh.pl\/\"},{\"@type\":\"ListItem\",\"position\":2,\"name\":\"Regulamin Podmiotu\"}]},{\"@type\":\"WebSite\",\"@id\":\"https:\/\/salus-reh.pl\/#website\",\"url\":\"https:\/\/salus-reh.pl\/\",\"name\":\"Salus-Reh\",\"description\":\"Gabinet Masa\u017cu i Rehabilitacji Salus-Reh w D\u0105browie G\u00f3rniczej\",\"publisher\":{\"@id\":\"https:\/\/salus-reh.pl\/#organization\"},\"potentialAction\":[{\"@type\":\"SearchAction\",\"target\":{\"@type\":\"EntryPoint\",\"urlTemplate\":\"https:\/\/salus-reh.pl\/?s={search_term_string}\"},\"query-input\":{\"@type\":\"PropertyValueSpecification\",\"valueRequired\":true,\"valueName\":\"search_term_string\"}}],\"inLanguage\":\"pl-PL\"},{\"@type\":\"Organization\",\"@id\":\"https:\/\/salus-reh.pl\/#organization\",\"name\":\"Salus-Reh\",\"url\":\"https:\/\/salus-reh.pl\/\",\"logo\":{\"@type\":\"ImageObject\",\"inLanguage\":\"pl-PL\",\"@id\":\"https:\/\/salus-reh.pl\/#\/schema\/logo\/image\/\",\"url\":\"http:\/\/salus-reh.pl\/wp-content\/uploads\/2025\/03\/logo-icon-512.png\",\"contentUrl\":\"http:\/\/salus-reh.pl\/wp-content\/uploads\/2025\/03\/logo-icon-512.png\",\"width\":512,\"height\":512,\"caption\":\"Salus-Reh\"},\"image\":{\"@id\":\"https:\/\/salus-reh.pl\/#\/schema\/logo\/image\/\"},\"sameAs\":[\"https:\/\/www.facebook.com\/rehabilitacjadg\/?locale=pl_PL\"]}]}<\/script>\n<!-- \/ Yoast SEO plugin. -->","yoast_head_json":{"title":"Regulamin Podmiotu - Salus-Reh","robots":{"index":"index","follow":"follow","max-snippet":"max-snippet:-1","max-image-preview":"max-image-preview:large","max-video-preview":"max-video-preview:-1"},"canonical":"https:\/\/salus-reh.pl\/index.php\/som\/","og_locale":"pl_PL","og_type":"article","og_title":"Regulamin Podmiotu - Salus-Reh","og_description":"Regulamin organizacyjny podmiotu leczniczego Masa\u017c i Rehabilitacja Salus-Reh Weronika Dutkiewicz \u00a7 1 \u00a7 2 Regulamin opracowano na podstawie: \u2013 ustawy z dnia 15 kwietnia 2011 r. o dzia\u0142alno\u015bci leczniczej (Dz. U. Nr 112, poz. 654);\u2013 przepisy ustawy z dnia 8 listopada 2008 r. o prawach pacjenta i Rzeczniku Praw Pacjenta,\u2013 wpisie do ewidencji gospodarczej nr [&hellip;]","og_url":"https:\/\/salus-reh.pl\/index.php\/som\/","og_site_name":"Salus-Reh","article_publisher":"https:\/\/www.facebook.com\/rehabilitacjadg\/?locale=pl_PL","article_modified_time":"2025-05-18T17:11:19+00:00","twitter_card":"summary_large_image","twitter_misc":{"Szacowany czas czytania":"5 minut"},"schema":{"@context":"https:\/\/schema.org","@graph":[{"@type":"WebPage","@id":"https:\/\/salus-reh.pl\/index.php\/som\/","url":"https:\/\/salus-reh.pl\/index.php\/som\/","name":"Regulamin Podmiotu - Salus-Reh","isPartOf":{"@id":"https:\/\/salus-reh.pl\/#website"},"datePublished":"2025-03-23T18:29:58+00:00","dateModified":"2025-05-18T17:11:19+00:00","breadcrumb":{"@id":"https:\/\/salus-reh.pl\/index.php\/som\/#breadcrumb"},"inLanguage":"pl-PL","potentialAction":[{"@type":"ReadAction","target":["https:\/\/salus-reh.pl\/index.php\/som\/"]}]},{"@type":"BreadcrumbList","@id":"https:\/\/salus-reh.pl\/index.php\/som\/#breadcrumb","itemListElement":[{"@type":"ListItem","position":1,"name":"Strona g\u0142\u00f3wna","item":"https:\/\/salus-reh.pl\/"},{"@type":"ListItem","position":2,"name":"Regulamin Podmiotu"}]},{"@type":"WebSite","@id":"https:\/\/salus-reh.pl\/#website","url":"https:\/\/salus-reh.pl\/","name":"Salus-Reh","description":"Gabinet Masa\u017cu i Rehabilitacji Salus-Reh w D\u0105browie G\u00f3rniczej","publisher":{"@id":"https:\/\/salus-reh.pl\/#organization"},"potentialAction":[{"@type":"SearchAction","target":{"@type":"EntryPoint","urlTemplate":"https:\/\/salus-reh.pl\/?s={search_term_string}"},"query-input":{"@type":"PropertyValueSpecification","valueRequired":true,"valueName":"search_term_string"}}],"inLanguage":"pl-PL"},{"@type":"Organization","@id":"https:\/\/salus-reh.pl\/#organization","name":"Salus-Reh","url":"https:\/\/salus-reh.pl\/","logo":{"@type":"ImageObject","inLanguage":"pl-PL","@id":"https:\/\/salus-reh.pl\/#\/schema\/logo\/image\/","url":"http:\/\/salus-reh.pl\/wp-content\/uploads\/2025\/03\/logo-icon-512.png","contentUrl":"http:\/\/salus-reh.pl\/wp-content\/uploads\/2025\/03\/logo-icon-512.png","width":512,"height":512,"caption":"Salus-Reh"},"image":{"@id":"https:\/\/salus-reh.pl\/#\/schema\/logo\/image\/"},"sameAs":["https:\/\/www.facebook.com\/rehabilitacjadg\/?locale=pl_PL"]}]}},"_links":{"self":[{"href":"https:\/\/salus-reh.pl\/index.php\/wp-json\/wp\/v2\/pages\/270","targetHints":{"allow":["GET"]}}],"collection":[{"href":"https:\/\/salus-reh.pl\/index.php\/wp-json\/wp\/v2\/pages"}],"about":[{"href":"https:\/\/salus-reh.pl\/index.php\/wp-json\/wp\/v2\/types\/page"}],"author":[{"embeddable":true,"href":"https:\/\/salus-reh.pl\/index.php\/wp-json\/wp\/v2\/users\/2"}],"replies":[{"embeddable":true,"href":"https:\/\/salus-reh.pl\/index.php\/wp-json\/wp\/v2\/comments?post=270"}],"version-history":[{"count":10,"href":"https:\/\/salus-reh.pl\/index.php\/wp-json\/wp\/v2\/pages\/270\/revisions"}],"predecessor-version":[{"id":673,"href":"https:\/\/salus-reh.pl\/index.php\/wp-json\/wp\/v2\/pages\/270\/revisions\/673"}],"wp:attachment":[{"href":"https:\/\/salus-reh.pl\/index.php\/wp-json\/wp\/v2\/media?parent=270"}],"curies":[{"name":"wp","href":"https:\/\/api.w.org\/{rel}","templated":true}]}}